{"id":22897,"date":"2015-09-25T07:39:03","date_gmt":"2015-09-25T07:39:03","guid":{"rendered":"http:\/\/leitmovie.it\/?page_id=22897"},"modified":"2020-11-23T08:45:34","modified_gmt":"2020-11-23T08:45:34","slug":"privacy-e-cookie-policy","status":"publish","type":"page","link":"https:\/\/leitmovie.it\/en_gb\/privacy-e-cookie-policy","title":{"rendered":"Privacy e Cookie Policy"},"content":{"rendered":"<p>[:it]<\/p>\n<h2>INFORMATIVA PRIVACY AI SENSI DELL&#8217;ART. 13 DEL D.LGS 196\/2003 (CODICE PRIVACY)<\/h2>\n<p>Ai sensi dell&#8217;articolo 13 del Codice Privacy, La informiamo che l&#8217;impresa titolare del sito indicata in calce al sito medesimo \u00e8 il titolare del trattamento (di seguito &#8220;Titolare&#8221;). Questo sito raccoglie dati necessari alla navigazione e alla fruizione dei servizi ad essa collegati trattandoli in forma anonima ed aggregata. Il trattamento di tali dati verr\u00e0 effettuato attraverso strumenti automatizzati e non, in conformit\u00e0 con le finalit\u00e0 indicate e nel rispetto dei requisiti di riservatezza e delle pi\u00f9 idonee misure di sicurezza, come indicate dal Codice Privacy. Nella Sua qualit\u00e0 di interessato del trattamento, Le \u00e8 garantito l&#8217;esercizio dei diritti di cui all&#8217;art. 7 del D.Lgs. 196\/03, tra i quali il diritto di ottenere dal Titolare del trattamento la conferma dell&#8217;esistenza dei Suoi dati personali e la loro comunicazione in forma intelligibile, di conoscere le modalit\u00e0 e le logiche del trattamento, di richiedere l&#8217;aggiornamento e l&#8217;integrazione dei dati stessi, la loro cancellazione o trasformazione in forma anonima, in caso di violazione di legge, nonch\u00e8, di opporsi al loro trattamento. Tali diritti potranno essere esercitati rivolgendosi in qualsiasi momento per iscritto al Titolare del trattamento, presso la sua sede indicata nel sito internet medesimo.<\/p>\n<h3>INFORMATIVA ESTESA SUI COOKIE<\/h3>\n<h3>Cosa sono i cookies<\/h3>\n<p>I cookies sono piccoli file di testo che vengono automaticamente posizionati sul PC del navigatore all&#8217;interno del browser. Essi contengono informazioni di base sulla navigazione in Internet e grazie al browser vengono riconosciuti ogni volta che l&#8217;utente visita il sito.<\/p>\n<h3>Gestione dei cookie<\/h3>\n<h4>Cookie tecnici<\/h4>\n<p><strong>Attivit\u00e0 strettamente necessarie al funzionamento<\/strong><br \/>\nQuesti cookies hanno natura tecnica e permettono al sito di funzionare correttamente. Ad esempio, mantengono l&#8217;utente collegato durante la navigazione evitando che il sito richieda di collegarsi pi\u00f9 volte per accedere alle pagine successive.<\/p>\n<p><strong>Attivit\u00e0 di salvataggio delle preferenze<\/strong><br \/>\nQuesti cookie permettono di ricordare le preferenze selezionate dall&#8217;utente durante la navigazione, ad esempio, consentono di impostare la lingua.<\/p>\n<p><strong>Attivit\u00e0 Statistiche e di Misurazione dell&#8217;audience<\/strong><br \/>\nQuesti cookie ci aiutano a capire, attraverso dati raccolti in forma anonima e aggregata, come gli utenti interagiscono con i nostri siti internet fornendoci informazioni relative alle sezioni visitate, il tempo trascorso sul sito, eventuali malfunzionamenti. Questo ci aiuta a migliorare la resa dei nostri siti internet.<\/p>\n<h4>Cookie di terza parte<\/h4>\n<p>Facciamo uso di svariati fornitori che possono a loro volta installare cookies per il corretto funzionamento dei servizi che stanno fornendo. Se desiderate avere informazioni relative a questi cookie di terza parte e su come disabilitarli \u00e8 possibile accedere alla pagina <a title=\"\" href=\"http:\/\/www.avvocatigiampaolo.eu\/redir.aspx?C=SLLB0z0jAEW6UrV_TRwkLvXk-WV0h9JI1MosuMBV7yM4ZM0Gm1CQAIEn7w61KEB7kknhFxhNR1s.&amp;URL=http%3a%2f%2fwww.youronlinechoices.com%2fit%2fle-tue-scelte\" target=\"_blank\" rel=\"noopener noreferrer\">http:\/\/www.youronlinechoices.com\/it\/le-tue-scelte<\/a><\/p>\n<h4>Cookie di profilazione di terza parte<\/h4>\n<p>Questi cookies, \u00a0consentono di identificare gli interessi dell&#8217;utente che sta navigando il sito al solo fine di fornire contenuti personalizzati.<\/p>\n<div>Abilita al proseguimento della navigazione<\/div>\n<div>Non abilitare<\/div>\n<h4>Cookie Statistici e di Misurazione dell&#8217;audience di terza parte<\/h4>\n<p>Questi cookie (servizi web di terza parte) forniscono informazioni anonime \/ aggregate sul modo in cui i visitatori navigano sul sito. Di seguito i link alle rispettive pagine di privacy policy.<\/p>\n<h4>Cookie di social media sharing<\/h4>\n<p>Questi cookie di terza parte vengono utilizzati per integrare alcune diffuse funzionalit\u00e0 dei principali social media e fornirle all&#8217;interno del sito. In particolare permettono la registrazione e l&#8217;autenticazione sul sito tramite facebook e google connect, la condivisione e i commenti di pagine del sito sui social, abilitano le funzionalit\u00e0 del &#8220;mi piace&#8221; su Facebook e del &#8220;+1&#8221; su G+.<br \/>\nDi seguito i link alle rispettive pagine di privacy policy.<\/p>\n<ul class=\"social_media first\">\n<li><strong>Facebook<\/strong><\/li>\n<li>social media<\/li>\n<li><a title=\"\" href=\"https:\/\/www.facebook.com\/about\/privacy\" target=\"_blank\" rel=\"noopener noreferrer\">privacy policy<\/a><\/li>\n<\/ul>\n<ul class=\"social_media\">\n<li><strong>G+<\/strong><\/li>\n<li>social media<\/li>\n<li><a title=\"\" href=\"https:\/\/www.google.com\/+\/policy\/pagesterm.html\" target=\"_blank\" rel=\"noopener noreferrer\">privacy policy<\/a><\/li>\n<\/ul>\n<ul class=\"social_media last\">\n<li><strong>Twitter<\/strong><\/li>\n<li>social media<\/li>\n<li><a title=\"\" href=\"https:\/\/twitter.com\/privacy?lang=it\" target=\"_blank\" rel=\"noopener noreferrer\">privacy policy<\/a><\/li>\n<\/ul>\n<h3>Ricordati che puoi gestire le tue preferenze sui cookie anche attraverso il browser<\/h3>\n<p><em>Se si utilizza Internet Explorer<\/em><br \/>\nIn Internet Explorer, fare clic su &#8220;Strumenti&#8221; poi &#8220;Opzioni Internet&#8221;. Nella scheda Privacy, spostare il cursore verso l&#8217;alto per bloccare tutti i cookie o verso il basso per consentire a tutti i cookie, e quindi fare clic su OK.<\/p>\n<p><em>Se si utilizza il browser Firefox<\/em><br \/>\nVai al menu &#8220;Strumenti&#8221; del browser e selezionare il menu &#8220;Opzioni&#8221; Fare clic sulla scheda &#8220;Privacy&#8221;, deselezionare la casella &#8220;Accetta cookie&#8221; e fare clic su OK.<\/p>\n<p><em>Se si utilizza il browser Safari<\/em><br \/>\nDal Browser Safari selezionare il menu &#8220;Modifica&#8221; e selezionare &#8220;Preferences&#8221;. Clicca su &#8220;Privacy&#8221;. Posizionare l&#8217;impostazione &#8220;cookies Block&#8221; sempre &#8220;e fare clic su OK.<\/p>\n<p><em>Se si utilizza il browser Google Chrome<\/em><br \/>\nFai clic sul menu Chrome nella barra degli strumenti del browser. Selezionare &#8220;Impostazioni&#8221;. Fare clic su &#8220;Mostra impostazioni avanzate&#8221;. Nella sezione &#8220;Privacy&#8221;, fai clic sul pulsante &#8220;Impostazioni contenuti&#8221;. Nella sezione &#8220;Cookies&#8221;, selezionare &#8220;Non consentire ai siti per memorizzare i dati&#8221; e di controllo &#8220;cookie di blocco e di terze parti i dati sito&#8221;, e quindi fare clic su OK.<\/p>\n<p>Se usi un qualsiasi altro browser, cerca nelle Impostazioni del browser la modalit\u00e0 di gestione dei cookies.<\/p>\n<p>Sito web a cura di <a href=\"http:\/\/beltenis.it\/\" target=\"_blank\" rel=\"noopener noreferrer\">beltenis.it<\/a>[:]<\/p>","protected":false},"excerpt":{"rendered":"<p>[:it] INFORMATIVA PRIVACY AI SENSI DELL&#8217;ART. 13 DEL D.LGS 196\/2003 (CODICE PRIVACY) Ai sensi dell&#8217;articolo 13 del Codice Privacy, La informiamo che l&#8217;impresa titolare del sito indicata in calce al [&hellip;]<\/p>","protected":false},"author":1,"featured_media":0,"parent":0,"menu_order":0,"comment_status":"closed","ping_status":"closed","template":"","meta":{"footnotes":""},"_links":{"self":[{"href":"https:\/\/leitmovie.it\/en_gb\/wp-json\/wp\/v2\/pages\/22897"}],"collection":[{"href":"https:\/\/leitmovie.it\/en_gb\/wp-json\/wp\/v2\/pages"}],"about":[{"href":"https:\/\/leitmovie.it\/en_gb\/wp-json\/wp\/v2\/types\/page"}],"author":[{"embeddable":true,"href":"https:\/\/leitmovie.it\/en_gb\/wp-json\/wp\/v2\/users\/1"}],"replies":[{"embeddable":true,"href":"https:\/\/leitmovie.it\/en_gb\/wp-json\/wp\/v2\/comments?post=22897"}],"version-history":[{"count":0,"href":"https:\/\/leitmovie.it\/en_gb\/wp-json\/wp\/v2\/pages\/22897\/revisions"}],"wp:attachment":[{"href":"https:\/\/leitmovie.it\/en_gb\/wp-json\/wp\/v2\/media?parent=22897"}],"curies":[{"name":"wp","href":"https:\/\/api.w.org\/{rel}","templated":true}]}}